{"id":30881,"date":"2026-01-23T09:20:41","date_gmt":"2026-01-23T09:20:41","guid":{"rendered":"https:\/\/shopivra.shop\/?page_id=30881"},"modified":"2026-03-11T15:05:22","modified_gmt":"2026-03-11T15:05:22","slug":"shipping-policy","status":"publish","type":"page","link":"https:\/\/shopivra.shop\/en\/shipping-policy\/","title":{"rendered":"Versandbedingungen"},"content":{"rendered":"<div data-elementor-type=\"wp-page\" data-elementor-id=\"30881\" class=\"elementor elementor-30881\" data-elementor-post-type=\"page\">\n\t\t\t\t<div class=\"wd-negative-gap elementor-element elementor-element-6ab74f7 e-flex e-con-boxed e-con e-parent\" data-id=\"6ab74f7\" data-element_type=\"container\" data-e-type=\"container\">\n\t\t\t\t\t<div class=\"e-con-inner\">\n\t\t\t\t<div class=\"elementor-element elementor-element-a2b12d3 elementor-widget elementor-widget-html\" data-id=\"a2b12d3\" data-element_type=\"widget\" data-e-type=\"widget\" data-widget_type=\"html.default\">\n\t\t\t\t\t<style>\n.xs-ship-policy {\n  width: 100%;\n  padding: 22px 0;\n  font-family: system-ui, -apple-system, Segoe UI, Roboto, Arial, sans-serif;\n  color: #0f172a;\n}\n.xs-ship-policy * { box-sizing: border-box; }\n\n.xs-ship-wrap {\n  max-width: 1100px;\n  margin: 0 auto;\n  padding: 24px;\n  border-radius: 18px;\n  background: linear-gradient(135deg, rgba(255,255,255,0.98), rgba(245,248,255,0.96));\n  border: 1px solid rgba(0,0,0,0.10);\n  box-shadow: 0 14px 34px rgba(0,0,0,0.10);\n}\n\n.xs-ship-head { margin-bottom: 20px; text-align: center; }\n.xs-ship-title {\n  margin: 0 0 10px 0;\n  font-size: 28px;\n  font-weight: 900;\n  letter-spacing: -0.5px;\n  color: #0f172a;\n}\n.xs-ship-sub {\n  margin: 0;\n  font-size: 16px;\n  color: #475569;\n  line-height: 1.6;\n}\n\n.xs-ship-badges {\n  display: flex;\n  gap: 10px;\n  flex-wrap: wrap;\n  justify-content: center;\n  margin-bottom: 30px;\n}\n.xs-badge {\n  padding: 8px 14px;\n  border-radius: 99px;\n  border: 1px solid rgba(0,0,0,0.10);\n  background: #fff;\n  font-size: 13px;\n  font-weight: 800;\n  color: #0f172a;\n  box-shadow: 0 2px 5px rgba(0,0,0,0.05);\n}\n\n.xs-ship-grid {\n  display: grid;\n  grid-template-columns: repeat(auto-fit, minmax(300px, 1fr));\n  gap: 20px;\n  margin-top: 20px;\n}\n\n.xs-ship-card {\n  background: #fff;\n  border: 1px solid rgba(0,0,0,0.08);\n  border-radius: 16px;\n  padding: 20px;\n  box-shadow: 0 10px 22px rgba(0,0,0,0.04);\n  transition: transform 0.2s ease;\n}\n.xs-ship-card:hover { transform: translateY(-3px); }\n\n.xs-top {\n  display: flex;\n  gap: 15px;\n  align-items: center;\n  margin-bottom: 15px;\n  border-bottom: 1px solid #f1f5f9;\n  padding-bottom: 15px;\n}\n.xs-ic {\n  width: 48px;\n  height: 48px;\n  border-radius: 14px;\n  display: flex;\n  align-items: center;\n  justify-content: center;\n  background: #f1f5f9;\n  font-size: 15px;\n  font-weight: 900;\n  color: #0f172a;\n  flex-shrink: 0;\n}\n\n.xs-h3 {\n  margin: 0;\n  font-size: 17px;\n  font-weight: 800;\n  color: #0f172a;\n}\n.xs-p {\n  margin: 4px 0 0 0;\n  font-size: 13px;\n  color: #64748b;\n  line-height: 1.4;\n}\n\n.xs-list {\n  margin: 0;\n  padding-left: 20px;\n  font-size: 14px;\n  color: #334155;\n  line-height: 1.6;\n}\n.xs-list li { margin: 8px 0; }\n\n.xs-note {\n  margin-top: 30px;\n  display: flex;\n  gap: 15px;\n  align-items: flex-start;\n  padding: 20px;\n  border-radius: 16px;\n  background: #fffbeb;\n  border: 1px solid #fcd34d;\n}\n.xs-pill {\n  padding: 6px 12px;\n  border-radius: 6px;\n  background: #b45309;\n  color: #fff;\n  font-size: 11px;\n  font-weight: 900;\n  text-transform: uppercase;\n  flex-shrink: 0;\n}\n.xs-note-txt {\n  font-size: 14px;\n  color: #78350f;\n  line-height: 1.5;\n}\n\n.contact-section {\n  margin-top: 30px;\n  padding: 25px;\n  border-radius: 16px;\n  background: #fff;\n  border: 1px solid rgba(0,0,0,0.10);\n  text-align: center;\n}\n.contact-section h3 {\n  margin: 0 0 8px 0;\n  font-size: 18px;\n  font-weight: 800;\n}\n.contact-section p {\n  margin: 0 0 16px 0;\n  font-size: 14px;\n  color: #475569;\n}\n.contact-info {\n  display: flex;\n  flex-direction: column;\n  gap: 6px;\n  font-size: 14px;\n  color: #334155;\n}\n.contact-info a {\n  color: #0f172a;\n  font-weight: 600;\n  text-decoration: none;\n}\n.contact-info a:hover { text-decoration: underline; }\n\n@media (max-width: 768px) {\n  .xs-ship-grid { grid-template-columns: 1fr; }\n  .xs-ship-wrap { padding: 15px; }\n  .xs-note { flex-direction: column; }\n}\n<\/style>\n\n<section class=\"xs-ship-policy\" aria-label=\"Versandrichtlinie\">\n  <div class=\"xs-ship-wrap\">\n\n    <header class=\"xs-ship-head\">\n      <h2 class=\"xs-ship-title\">Versandrichtlinie<\/h2>\n      <p class=\"xs-ship-sub\">\n        Bei <strong>Dustette<\/strong> sorgen wir daf\u00fcr, dass Ihre Bestellungen schnell und zuverl\u00e4ssig ankommen.<br>\n        Kostenloser Versand innerhalb Deutschlands. Lieferzeit: <strong>3\u20135 Werktage<\/strong>.\n      <\/p>\n    <\/header>\n\n    <div class=\"xs-ship-badges\">\n      <div class=\"xs-badge\">Kostenloser Versand (DE)<\/div>\n      <div class=\"xs-badge\">1\u20132 Werktage Bearbeitung<\/div>\n      <div class=\"xs-badge\">3\u20135 Werktage Lieferzeit<\/div>\n      <div class=\"xs-badge\">Sendungsverfolgung inklusive<\/div>\n    <\/div>\n\n    <div class=\"xs-ship-grid\">\n\n      <article class=\"xs-ship-card\">\n        <div class=\"xs-top\">\n          <div class=\"xs-ic\">01<\/div>\n          <div>\n            <h3 class=\"xs-h3\">Bearbeitungszeit<\/h3>\n            <p class=\"xs-p\">Schnelle und sichere Abwicklung.<\/p>\n          <\/div>\n        <\/div>\n        <ul class=\"xs-list\">\n          <li>Alle Bestellungen werden innerhalb von <strong>1\u20132 Werktagen<\/strong> bearbeitet.<\/li>\n          <li>Nach dem Versand erhalten Sie eine Best\u00e4tigungs-E-Mail mit allen Details.<\/li>\n        <\/ul>\n      <\/article>\n\n      <article class=\"xs-ship-card\">\n        <div class=\"xs-top\">\n          <div class=\"xs-ic\">02<\/div>\n          <div>\n            <h3 class=\"xs-h3\">Lieferzeit<\/h3>\n            <p class=\"xs-p\">Zuverl\u00e4ssige Zustellung.<\/p>\n          <\/div>\n        <\/div>\n        <ul class=\"xs-list\">\n          <li>Lieferzeit innerhalb Deutschlands: <strong>3\u20135 Werktage<\/strong>.<\/li>\n          <li>Bei Feiertagen oder unvorhergesehenen Umst\u00e4nden kann es zu Verz\u00f6gerungen kommen \u2014 wir informieren Sie umgehend.<\/li>\n        <\/ul>\n      <\/article>\n\n      <article class=\"xs-ship-card\">\n        <div class=\"xs-top\">\n          <div class=\"xs-ic\">03<\/div>\n          <div>\n            <h3 class=\"xs-h3\">Versandkosten<\/h3>\n            <p class=\"xs-p\">Transparent und fair.<\/p>\n          <\/div>\n        <\/div>\n        <ul class=\"xs-list\">\n          <li>Versand innerhalb Deutschlands ist f\u00fcr alle Bestellungen <strong>kostenlos<\/strong>.<\/li>\n          <li>F\u00fcr internationalen Versand k\u00f6nnen zus\u00e4tzliche Geb\u00fchren anfallen, die beim Bestellvorgang angezeigt werden.<\/li>\n        <\/ul>\n      <\/article>\n\n      <article class=\"xs-ship-card\">\n        <div class=\"xs-top\">\n          <div class=\"xs-ic\">04<\/div>\n          <div>\n            <h3 class=\"xs-h3\">Versanddienstleister<\/h3>\n            <p class=\"xs-p\">Renommierte Partner.<\/p>\n          <\/div>\n        <\/div>\n        <ul class=\"xs-list\">\n          <li>Wir arbeiten mit renommierten Versanddienstleistern, um eine sichere und p\u00fcnktliche Lieferung zu gew\u00e4hrleisten.<\/li>\n          <li>Nach dem Versand erhalten Sie Ihre <strong>Sendungsverfolgungsnummer<\/strong> per E-Mail.<\/li>\n        <\/ul>\n      <\/article>\n\n      <article class=\"xs-ship-card\">\n        <div class=\"xs-top\">\n          <div class=\"xs-ic\">05<\/div>\n          <div>\n            <h3 class=\"xs-h3\">Sendungsverfolgung<\/h3>\n            <p class=\"xs-p\">Immer informiert.<\/p>\n          <\/div>\n        <\/div>\n        <ul class=\"xs-list\">\n          <li>Sie erhalten eine Versandbest\u00e4tigung mit einer <strong>Tracking-Nummer<\/strong>.<\/li>\n          <li>Den Status Ihrer Lieferung k\u00f6nnen Sie jederzeit online verfolgen.<\/li>\n        <\/ul>\n      <\/article>\n\n      <article class=\"xs-ship-card\">\n        <div class=\"xs-top\">\n          <div class=\"xs-ic\">06<\/div>\n          <div>\n            <h3 class=\"xs-h3\">Internationaler Versand<\/h3>\n            <p class=\"xs-p\">Weltweite Lieferung.<\/p>\n          <\/div>\n        <\/div>\n        <ul class=\"xs-list\">\n          <li>Wir bieten internationalen Versand an.<\/li>\n          <li>Lieferzeiten und Kosten variieren je nach Zielland und werden w\u00e4hrend des Bestellvorgangs angezeigt.<\/li>\n        <\/ul>\n      <\/article>\n\n    <\/div>\n\n    <div class=\"xs-note\">\n      <div class=\"xs-pill\">Wichtig<\/div>\n      <div class=\"xs-note-txt\">\n        Bei Versandverz\u00f6gerungen oder verlorenen Sendungen wenden Sie sich bitte an unseren Kundenservice unter <strong>faridaclabor628@hotmail.com<\/strong>. In seltenen F\u00e4llen, wenn ein Paket verloren geht, arbeiten wir mit dem Versanddienstleister zusammen, um eine L\u00f6sung zu finden.\n      <\/div>\n    <\/div>\n\n    <div class=\"contact-section\">\n      <h3>Haben Sie Fragen?<\/h3>\n      <p>Unser Kundenservice steht Ihnen gerne zur Verf\u00fcgung.<\/p>\n      <div class=\"contact-info\">\n        <span>Telefon: <a href=\"tel:+4915124362577\">+49 151 24362577<\/a><\/span>\n        <span>E-Mail: <a href=\"mailto:faridaclabor628@hotmail.com\">faridaclabor628@hotmail.com<\/a><\/span>\n        <span>Adresse: Herner Strasse 211, 44809 Bochum, Deutschland<\/span>\n      <\/div>\n    <\/div>\n\n  <\/div>\n<\/section>\t\t\t\t<\/div>\n\t\t\t\t\t<\/div>\n\t\t\t\t<\/div>\n\t\t\t\t<\/div>","protected":false},"excerpt":{"rendered":"<p>Versandrichtlinie Bei Dustette sorgen wir daf\u00fcr, dass Ihre Bestellungen schnell und zuverl\u00e4ssig ankommen. Kostenloser Versand innerhalb Deutschlands. Lieferzeit: 3\u20135 Werktage.<\/p>","protected":false},"author":1,"featured_media":0,"parent":0,"menu_order":0,"comment_status":"closed","ping_status":"closed","template":"","meta":{"footnotes":""},"class_list":["post-30881","page","type-page","status-publish","hentry"],"_links":{"self":[{"href":"https:\/\/shopivra.shop\/en\/wp-json\/wp\/v2\/pages\/30881","targetHints":{"allow":["GET"]}}],"collection":[{"href":"https:\/\/shopivra.shop\/en\/wp-json\/wp\/v2\/pages"}],"about":[{"href":"https:\/\/shopivra.shop\/en\/wp-json\/wp\/v2\/types\/page"}],"author":[{"embeddable":true,"href":"https:\/\/shopivra.shop\/en\/wp-json\/wp\/v2\/users\/1"}],"replies":[{"embeddable":true,"href":"https:\/\/shopivra.shop\/en\/wp-json\/wp\/v2\/comments?post=30881"}],"version-history":[{"count":13,"href":"https:\/\/shopivra.shop\/en\/wp-json\/wp\/v2\/pages\/30881\/revisions"}],"predecessor-version":[{"id":31514,"href":"https:\/\/shopivra.shop\/en\/wp-json\/wp\/v2\/pages\/30881\/revisions\/31514"}],"wp:attachment":[{"href":"https:\/\/shopivra.shop\/en\/wp-json\/wp\/v2\/media?parent=30881"}],"curies":[{"name":"wp","href":"https:\/\/api.w.org\/{rel}","templated":true}]}}